{"id":28,"date":"2024-12-08T06:44:11","date_gmt":"2024-12-08T06:44:11","guid":{"rendered":"https:\/\/thegypsydng.com\/?page_id=28"},"modified":"2025-03-09T19:28:51","modified_gmt":"2025-03-09T19:28:51","slug":"the-gypsy","status":"publish","type":"page","link":"https:\/\/thegypsydng.com\/vi\/","title":{"rendered":"The Gypsy"},"content":{"rendered":"<div data-elementor-type=\"wp-page\" data-elementor-id=\"28\" class=\"elementor elementor-28\" data-elementor-post-type=\"page\">\n\t\t\t\t<div class=\"has_ae_slider elementor-element elementor-element-c66e12c e-con-full slider-banner e-flex ae-bg-gallery-type-default e-con e-parent\" data-id=\"c66e12c\" data-element_type=\"container\" data-settings=\"{&quot;background_background&quot;:&quot;slideshow&quot;,&quot;background_slideshow_gallery&quot;:[],&quot;background_slideshow_loop&quot;:&quot;yes&quot;,&quot;background_slideshow_slide_duration&quot;:5000,&quot;background_slideshow_slide_transition&quot;:&quot;fade&quot;,&quot;background_slideshow_transition_duration&quot;:500}\">\n\t\t<div class=\"has_ae_slider elementor-element elementor-element-944f363 e-con-full e-flex ae-bg-gallery-type-default e-con e-child\" data-id=\"944f363\" data-element_type=\"container\">\n\t\t<div class=\"has_ae_slider elementor-element elementor-element-8bfa971 e-con-full e-flex ae-bg-gallery-type-default e-con e-child\" data-id=\"8bfa971\" data-element_type=\"container\" data-settings=\"{&quot;background_background&quot;:&quot;classic&quot;}\">\n\t\t\t\t<\/div>\n\t\t<div class=\"has_ae_slider elementor-element elementor-element-05d7fea e-con-full e-flex ae-bg-gallery-type-default e-con e-child\" data-id=\"05d7fea\" data-element_type=\"container\" data-settings=\"{&quot;background_background&quot;:&quot;classic&quot;}\">\n\t\t\t\t<\/div>\n\t\t<div class=\"has_ae_slider elementor-element elementor-element-92ec461 e-con-full elementor-hidden-desktop e-flex ae-bg-gallery-type-default e-con e-child\" data-id=\"92ec461\" data-element_type=\"container\">\n\t\t\t\t<div class=\"elementor-element elementor-element-9d99113 elementor-align-justify elementor-widget elementor-widget-button\" data-id=\"9d99113\" data-element_type=\"widget\" data-widget_type=\"button.default\">\n\t\t\t\t<div class=\"elementor-widget-container\">\n\t\t\t\t\t\t\t\t<a class=\"elementor-button elementor-button-link elementor-size-sm\" href=\"https:\/\/thegypsydng.com\/vi\/reservation\/\">\n\t\t\t\t\t\t<span class=\"elementor-button-content-wrapper\">\n\t\t\t\t\t\t\t\t\t<span class=\"elementor-button-text\">\u0110\u1eb6T B\u00c0N<\/span>\n\t\t\t\t\t<\/span>\n\t\t\t\t\t<\/a>\n\t\t\t\t\t\t<\/div>\n\t\t\t\t<\/div>\n\t\t\t\t<\/div>\n\t\t\t\t<\/div>\n\t\t<div class=\"has_ae_slider elementor-element elementor-element-356421b e-con-full e-flex ae-bg-gallery-type-default e-con e-child\" data-id=\"356421b\" data-element_type=\"container\" data-settings=\"{&quot;background_background&quot;:&quot;classic&quot;}\">\n\t\t\t\t<div class=\"elementor-element elementor-element-bf9272d elementor-widget elementor-widget-video\" data-id=\"bf9272d\" data-element_type=\"widget\" data-settings=\"{&quot;video_type&quot;:&quot;hosted&quot;,&quot;start&quot;:10,&quot;autoplay&quot;:&quot;yes&quot;,&quot;play_on_mobile&quot;:&quot;yes&quot;,&quot;mute&quot;:&quot;yes&quot;,&quot;loop&quot;:&quot;yes&quot;,&quot;controls&quot;:&quot;yes&quot;}\" data-widget_type=\"video.default\">\n\t\t\t\t<div class=\"elementor-widget-container\">\n\t\t\t\t\t<div class=\"e-hosted-video elementor-wrapper elementor-open-inline\">\n\t\t\t\t\t<video class=\"elementor-video\" src=\"https:\/\/thegypsydng.com\/wp-content\/uploads\/2024\/12\/Video.mp4#t=10\" autoplay=\"\" loop=\"\" controls=\"\" muted=\"muted\" playsinline=\"\" controlslist=\"nodownload\" poster=\"https:\/\/thegypsydng.com\/wp-content\/uploads\/2024\/12\/image2-10.webp\"><\/video>\n\t\t\t\t<\/div>\n\t\t\t\t<\/div>\n\t\t\t\t<\/div>\n\t\t\t\t<\/div>\n\t\t\t\t<\/div>\n\t\t<div class=\"has_ae_slider elementor-element elementor-element-2bbe8fb e-flex e-con-boxed ae-bg-gallery-type-default e-con e-parent\" data-id=\"2bbe8fb\" data-element_type=\"container\">\n\t\t\t\t\t<div class=\"e-con-inner\">\n\t\t\t\t<div class=\"elementor-element elementor-element-ac0cbc0 elementor-widget elementor-widget-heading\" data-id=\"ac0cbc0\" data-element_type=\"widget\" data-widget_type=\"heading.default\">\n\t\t\t\t<div class=\"elementor-widget-container\">\n\t\t\t<h1 class=\"elementor-heading-title elementor-size-default translation-block\">Tr\u1ea3i nghi\u1ec7m \u1ea9m th\u1ef1c hi\u1ec7n \u0111\u1ea1i v\u1edbi t\u1ea7m nh\u00ecn ngo\u1ea1n m\u1ee5c t\u1eeb t\u1ea7ng th\u01b0\u1ee3ng.<br>\n\u0110\u1ea7u b\u1ebfp \u0111\u01b0\u1ee3c c\u00f4ng nh\u1eadn b\u1edfi Michelin Star.<\/h1>\t\t<\/div>\n\t\t\t\t<\/div>\n\t\t\t\t\t<\/div>\n\t\t\t\t<\/div>\n\t\t<div class=\"has_ae_slider elementor-element elementor-element-566352d e-con-full e-flex ae-bg-gallery-type-default e-con e-parent\" data-id=\"566352d\" data-element_type=\"container\">\n\t\t\t\t<div class=\"elementor-element elementor-element-e5f7c33 elementor-widget elementor-widget-gallery\" data-id=\"e5f7c33\" data-element_type=\"widget\" data-settings=\"{&quot;gallery_layout&quot;:&quot;masonry&quot;,&quot;columns&quot;:2,&quot;columns_tablet&quot;:2,&quot;columns_mobile&quot;:1,&quot;gap&quot;:{&quot;unit&quot;:&quot;px&quot;,&quot;size&quot;:10,&quot;sizes&quot;:[]},&quot;gap_tablet&quot;:{&quot;unit&quot;:&quot;px&quot;,&quot;size&quot;:10,&quot;sizes&quot;:[]},&quot;gap_mobile&quot;:{&quot;unit&quot;:&quot;px&quot;,&quot;size&quot;:10,&quot;sizes&quot;:[]},&quot;link_to&quot;:&quot;file&quot;,&quot;overlay_background&quot;:&quot;yes&quot;,&quot;content_hover_animation&quot;:&quot;fade-in&quot;}\" data-widget_type=\"gallery.default\">\n\t\t\t\t<div class=\"elementor-widget-container\">\n\t\t\t\t\t<div class=\"elementor-gallery__container\">\n\t\t\t\t\t\t\t<a class=\"e-gallery-item elementor-gallery-item elementor-animated-content\" href=\"https:\/\/thegypsydng.com\/wp-content\/uploads\/2024\/12\/BOMM0056-scaled.webp\" data-elementor-open-lightbox=\"yes\" data-elementor-lightbox-slideshow=\"e5f7c33\" data-elementor-lightbox-title=\"BOMM0056\" data-e-action-hash=\"#elementor-action%3Aaction%3Dlightbox%26settings%3DeyJpZCI6MTIwLCJ1cmwiOiJodHRwczpcL1wvdGhlZ3lwc3lkbmcuY29tXC93cC1jb250ZW50XC91cGxvYWRzXC8yMDI0XC8xMlwvQk9NTTAwNTYtc2NhbGVkLndlYnAiLCJzbGlkZXNob3ciOiJlNWY3YzMzIn0%3D\">\n\t\t\t\t\t<div class=\"e-gallery-image elementor-gallery-item__image\" data-thumbnail=\"https:\/\/thegypsydng.com\/wp-content\/uploads\/2024\/12\/BOMM0056-scaled.webp\" data-width=\"1707\" data-height=\"2560\" aria-label=\"\" role=\"img\" ><\/div>\n\t\t\t\t\t\t\t\t\t\t\t<div class=\"elementor-gallery-item__overlay\"><\/div>\n\t\t\t\t\t\t\t\t\t\t\t\t\t\t<\/a>\n\t\t\t\t\t\t\t<a class=\"e-gallery-item elementor-gallery-item elementor-animated-content\" href=\"https:\/\/thegypsydng.com\/wp-content\/uploads\/2024\/12\/lecomptoir-et-gypsy-77-scaled.webp\" data-elementor-open-lightbox=\"yes\" data-elementor-lightbox-slideshow=\"e5f7c33\" data-elementor-lightbox-title=\"lecomptoir et gypsy (77)\" data-e-action-hash=\"#elementor-action%3Aaction%3Dlightbox%26settings%3DeyJpZCI6MTI4LCJ1cmwiOiJodHRwczpcL1wvdGhlZ3lwc3lkbmcuY29tXC93cC1jb250ZW50XC91cGxvYWRzXC8yMDI0XC8xMlwvbGVjb21wdG9pci1ldC1neXBzeS03Ny1zY2FsZWQud2VicCIsInNsaWRlc2hvdyI6ImU1ZjdjMzMifQ%3D%3D\">\n\t\t\t\t\t<div class=\"e-gallery-image elementor-gallery-item__image\" data-thumbnail=\"https:\/\/thegypsydng.com\/wp-content\/uploads\/2024\/12\/lecomptoir-et-gypsy-77-scaled.webp\" data-width=\"1707\" data-height=\"2560\" aria-label=\"\" role=\"img\" ><\/div>\n\t\t\t\t\t\t\t\t\t\t\t<div class=\"elementor-gallery-item__overlay\"><\/div>\n\t\t\t\t\t\t\t\t\t\t\t\t\t\t<\/a>\n\t\t\t\t\t\t\t<a class=\"e-gallery-item elementor-gallery-item elementor-animated-content\" href=\"https:\/\/thegypsydng.com\/wp-content\/uploads\/2024\/12\/lecomptoir-et-gypsy-34-1-scaled.webp\" data-elementor-open-lightbox=\"yes\" data-elementor-lightbox-slideshow=\"e5f7c33\" data-elementor-lightbox-title=\"lecomptoir et gypsy (34) (1)\" data-e-action-hash=\"#elementor-action%3Aaction%3Dlightbox%26settings%3DeyJpZCI6MTI1LCJ1cmwiOiJodHRwczpcL1wvdGhlZ3lwc3lkbmcuY29tXC93cC1jb250ZW50XC91cGxvYWRzXC8yMDI0XC8xMlwvbGVjb21wdG9pci1ldC1neXBzeS0zNC0xLXNjYWxlZC53ZWJwIiwic2xpZGVzaG93IjoiZTVmN2MzMyJ9\">\n\t\t\t\t\t<div class=\"e-gallery-image elementor-gallery-item__image\" data-thumbnail=\"https:\/\/thegypsydng.com\/wp-content\/uploads\/2024\/12\/lecomptoir-et-gypsy-34-1-scaled.webp\" data-width=\"1707\" data-height=\"2560\" aria-label=\"\" role=\"img\" ><\/div>\n\t\t\t\t\t\t\t\t\t\t\t<div class=\"elementor-gallery-item__overlay\"><\/div>\n\t\t\t\t\t\t\t\t\t\t\t\t\t\t<\/a>\n\t\t\t\t\t\t\t<a class=\"e-gallery-item elementor-gallery-item elementor-animated-content\" href=\"https:\/\/thegypsydng.com\/wp-content\/uploads\/2024\/12\/lecomptoir-et-gypsy-113.webp\" data-elementor-open-lightbox=\"yes\" data-elementor-lightbox-slideshow=\"e5f7c33\" data-elementor-lightbox-title=\"lecomptoir et gypsy (113)\" data-e-action-hash=\"#elementor-action%3Aaction%3Dlightbox%26settings%3DeyJpZCI6MTMxLCJ1cmwiOiJodHRwczpcL1wvdGhlZ3lwc3lkbmcuY29tXC93cC1jb250ZW50XC91cGxvYWRzXC8yMDI0XC8xMlwvbGVjb21wdG9pci1ldC1neXBzeS0xMTMud2VicCIsInNsaWRlc2hvdyI6ImU1ZjdjMzMifQ%3D%3D\">\n\t\t\t\t\t<div class=\"e-gallery-image elementor-gallery-item__image\" data-thumbnail=\"https:\/\/thegypsydng.com\/wp-content\/uploads\/2024\/12\/lecomptoir-et-gypsy-113.webp\" data-width=\"1920\" data-height=\"1280\" aria-label=\"\" role=\"img\" ><\/div>\n\t\t\t\t\t\t\t\t\t\t\t<div class=\"elementor-gallery-item__overlay\"><\/div>\n\t\t\t\t\t\t\t\t\t\t\t\t\t\t<\/a>\n\t\t\t\t\t\t\t<a class=\"e-gallery-item elementor-gallery-item elementor-animated-content\" href=\"https:\/\/thegypsydng.com\/wp-content\/uploads\/2024\/12\/lecomptoir-et-gypsy-107-scaled.webp\" data-elementor-open-lightbox=\"yes\" data-elementor-lightbox-slideshow=\"e5f7c33\" data-elementor-lightbox-title=\"lecomptoir et gypsy (107)\" data-e-action-hash=\"#elementor-action%3Aaction%3Dlightbox%26settings%3DeyJpZCI6MTMwLCJ1cmwiOiJodHRwczpcL1wvdGhlZ3lwc3lkbmcuY29tXC93cC1jb250ZW50XC91cGxvYWRzXC8yMDI0XC8xMlwvbGVjb21wdG9pci1ldC1neXBzeS0xMDctc2NhbGVkLndlYnAiLCJzbGlkZXNob3ciOiJlNWY3YzMzIn0%3D\">\n\t\t\t\t\t<div class=\"e-gallery-image elementor-gallery-item__image\" data-thumbnail=\"https:\/\/thegypsydng.com\/wp-content\/uploads\/2024\/12\/lecomptoir-et-gypsy-107-scaled.webp\" data-width=\"1706\" data-height=\"2560\" aria-label=\"\" role=\"img\" ><\/div>\n\t\t\t\t\t\t\t\t\t\t\t<div class=\"elementor-gallery-item__overlay\"><\/div>\n\t\t\t\t\t\t\t\t\t\t\t\t\t\t<\/a>\n\t\t\t\t\t\t\t<a class=\"e-gallery-item elementor-gallery-item elementor-animated-content\" href=\"https:\/\/thegypsydng.com\/wp-content\/uploads\/2024\/12\/DSC1851-2.webp\" data-elementor-open-lightbox=\"yes\" data-elementor-lightbox-slideshow=\"e5f7c33\" data-elementor-lightbox-title=\"_DSC1851-2\" data-e-action-hash=\"#elementor-action%3Aaction%3Dlightbox%26settings%3DeyJpZCI6MTE5LCJ1cmwiOiJodHRwczpcL1wvdGhlZ3lwc3lkbmcuY29tXC93cC1jb250ZW50XC91cGxvYWRzXC8yMDI0XC8xMlwvRFNDMTg1MS0yLndlYnAiLCJzbGlkZXNob3ciOiJlNWY3YzMzIn0%3D\">\n\t\t\t\t\t<div class=\"e-gallery-image elementor-gallery-item__image\" data-thumbnail=\"https:\/\/thegypsydng.com\/wp-content\/uploads\/2024\/12\/DSC1851-2.webp\" data-width=\"1920\" data-height=\"1586\" aria-label=\"\" role=\"img\" ><\/div>\n\t\t\t\t\t\t\t\t\t\t\t<div class=\"elementor-gallery-item__overlay\"><\/div>\n\t\t\t\t\t\t\t\t\t\t\t\t\t\t<\/a>\n\t\t\t\t\t\t\t<a class=\"e-gallery-item elementor-gallery-item elementor-animated-content\" href=\"https:\/\/thegypsydng.com\/wp-content\/uploads\/2024\/12\/lecomptoir-et-gypsy-104-1-scaled.webp\" data-elementor-open-lightbox=\"yes\" data-elementor-lightbox-slideshow=\"e5f7c33\" data-elementor-lightbox-title=\"lecomptoir et gypsy (104) (1)\" data-e-action-hash=\"#elementor-action%3Aaction%3Dlightbox%26settings%3DeyJpZCI6MTI5LCJ1cmwiOiJodHRwczpcL1wvdGhlZ3lwc3lkbmcuY29tXC93cC1jb250ZW50XC91cGxvYWRzXC8yMDI0XC8xMlwvbGVjb21wdG9pci1ldC1neXBzeS0xMDQtMS1zY2FsZWQud2VicCIsInNsaWRlc2hvdyI6ImU1ZjdjMzMifQ%3D%3D\">\n\t\t\t\t\t<div class=\"e-gallery-image elementor-gallery-item__image\" data-thumbnail=\"https:\/\/thegypsydng.com\/wp-content\/uploads\/2024\/12\/lecomptoir-et-gypsy-104-1-scaled.webp\" data-width=\"1707\" data-height=\"2560\" aria-label=\"\" role=\"img\" ><\/div>\n\t\t\t\t\t\t\t\t\t\t\t<div class=\"elementor-gallery-item__overlay\"><\/div>\n\t\t\t\t\t\t\t\t\t\t\t\t\t\t<\/a>\n\t\t\t\t\t\t\t<a class=\"e-gallery-item elementor-gallery-item elementor-animated-content\" href=\"https:\/\/thegypsydng.com\/wp-content\/uploads\/2024\/12\/DSC1806-2.webp\" data-elementor-open-lightbox=\"yes\" data-elementor-lightbox-slideshow=\"e5f7c33\" data-elementor-lightbox-title=\"_DSC1806-2\" data-e-action-hash=\"#elementor-action%3Aaction%3Dlightbox%26settings%3DeyJpZCI6MTE4LCJ1cmwiOiJodHRwczpcL1wvdGhlZ3lwc3lkbmcuY29tXC93cC1jb250ZW50XC91cGxvYWRzXC8yMDI0XC8xMlwvRFNDMTgwNi0yLndlYnAiLCJzbGlkZXNob3ciOiJlNWY3YzMzIn0%3D\">\n\t\t\t\t\t<div class=\"e-gallery-image elementor-gallery-item__image\" data-thumbnail=\"https:\/\/thegypsydng.com\/wp-content\/uploads\/2024\/12\/DSC1806-2.webp\" data-width=\"1920\" data-height=\"2560\" aria-label=\"\" role=\"img\" ><\/div>\n\t\t\t\t\t\t\t\t\t\t\t<div class=\"elementor-gallery-item__overlay\"><\/div>\n\t\t\t\t\t\t\t\t\t\t\t\t\t\t<\/a>\n\t\t\t\t\t\t\t<a class=\"e-gallery-item elementor-gallery-item elementor-animated-content\" href=\"https:\/\/thegypsydng.com\/wp-content\/uploads\/2024\/12\/FIRERED-9440-2.webp\" data-elementor-open-lightbox=\"yes\" data-elementor-lightbox-slideshow=\"e5f7c33\" data-elementor-lightbox-title=\"FIRERED-9440 (2)\" data-e-action-hash=\"#elementor-action%3Aaction%3Dlightbox%26settings%3DeyJpZCI6MTIyLCJ1cmwiOiJodHRwczpcL1wvdGhlZ3lwc3lkbmcuY29tXC93cC1jb250ZW50XC91cGxvYWRzXC8yMDI0XC8xMlwvRklSRVJFRC05NDQwLTIud2VicCIsInNsaWRlc2hvdyI6ImU1ZjdjMzMifQ%3D%3D\">\n\t\t\t\t\t<div class=\"e-gallery-image elementor-gallery-item__image\" data-thumbnail=\"https:\/\/thegypsydng.com\/wp-content\/uploads\/2024\/12\/FIRERED-9440-2.webp\" data-width=\"1920\" data-height=\"1281\" aria-label=\"\" role=\"img\" ><\/div>\n\t\t\t\t\t\t\t\t\t\t\t<div class=\"elementor-gallery-item__overlay\"><\/div>\n\t\t\t\t\t\t\t\t\t\t\t\t\t\t<\/a>\n\t\t\t\t\t\t\t<a class=\"e-gallery-item elementor-gallery-item elementor-animated-content\" href=\"https:\/\/thegypsydng.com\/wp-content\/uploads\/2024\/12\/FRED-09133.webp\" data-elementor-open-lightbox=\"yes\" data-elementor-lightbox-slideshow=\"e5f7c33\" data-elementor-lightbox-title=\"FRED-09133\" data-e-action-hash=\"#elementor-action%3Aaction%3Dlightbox%26settings%3DeyJpZCI6MTI0LCJ1cmwiOiJodHRwczpcL1wvdGhlZ3lwc3lkbmcuY29tXC93cC1jb250ZW50XC91cGxvYWRzXC8yMDI0XC8xMlwvRlJFRC0wOTEzMy53ZWJwIiwic2xpZGVzaG93IjoiZTVmN2MzMyJ9\">\n\t\t\t\t\t<div class=\"e-gallery-image elementor-gallery-item__image\" data-thumbnail=\"https:\/\/thegypsydng.com\/wp-content\/uploads\/2024\/12\/FRED-09133.webp\" data-width=\"1920\" data-height=\"1280\" aria-label=\"\" role=\"img\" ><\/div>\n\t\t\t\t\t\t\t\t\t\t\t<div class=\"elementor-gallery-item__overlay\"><\/div>\n\t\t\t\t\t\t\t\t\t\t\t\t\t\t<\/a>\n\t\t\t\t\t\t\t<a class=\"e-gallery-item elementor-gallery-item elementor-animated-content\" href=\"https:\/\/thegypsydng.com\/wp-content\/uploads\/2024\/12\/lecomptoir-et-gypsy-53-1-scaled.webp\" data-elementor-open-lightbox=\"yes\" data-elementor-lightbox-slideshow=\"e5f7c33\" data-elementor-lightbox-title=\"lecomptoir et gypsy (53) (1)\" data-e-action-hash=\"#elementor-action%3Aaction%3Dlightbox%26settings%3DeyJpZCI6MTI3LCJ1cmwiOiJodHRwczpcL1wvdGhlZ3lwc3lkbmcuY29tXC93cC1jb250ZW50XC91cGxvYWRzXC8yMDI0XC8xMlwvbGVjb21wdG9pci1ldC1neXBzeS01My0xLXNjYWxlZC53ZWJwIiwic2xpZGVzaG93IjoiZTVmN2MzMyJ9\">\n\t\t\t\t\t<div class=\"e-gallery-image elementor-gallery-item__image\" data-thumbnail=\"https:\/\/thegypsydng.com\/wp-content\/uploads\/2024\/12\/lecomptoir-et-gypsy-53-1-scaled.webp\" data-width=\"1707\" data-height=\"2560\" aria-label=\"\" role=\"img\" ><\/div>\n\t\t\t\t\t\t\t\t\t\t\t<div class=\"elementor-gallery-item__overlay\"><\/div>\n\t\t\t\t\t\t\t\t\t\t\t\t\t\t<\/a>\n\t\t\t\t\t\t\t<a class=\"e-gallery-item elementor-gallery-item elementor-animated-content\" href=\"https:\/\/thegypsydng.com\/wp-content\/uploads\/2024\/12\/FRED-3508.webp\" data-elementor-open-lightbox=\"yes\" data-elementor-lightbox-slideshow=\"e5f7c33\" data-elementor-lightbox-title=\"FRED-3508\" data-e-action-hash=\"#elementor-action%3Aaction%3Dlightbox%26settings%3DeyJpZCI6MTIzLCJ1cmwiOiJodHRwczpcL1wvdGhlZ3lwc3lkbmcuY29tXC93cC1jb250ZW50XC91cGxvYWRzXC8yMDI0XC8xMlwvRlJFRC0zNTA4LndlYnAiLCJzbGlkZXNob3ciOiJlNWY3YzMzIn0%3D\">\n\t\t\t\t\t<div class=\"e-gallery-image elementor-gallery-item__image\" data-thumbnail=\"https:\/\/thegypsydng.com\/wp-content\/uploads\/2024\/12\/FRED-3508.webp\" data-width=\"1920\" data-height=\"1281\" aria-label=\"\" role=\"img\" ><\/div>\n\t\t\t\t\t\t\t\t\t\t\t<div class=\"elementor-gallery-item__overlay\"><\/div>\n\t\t\t\t\t\t\t\t\t\t\t\t\t\t<\/a>\n\t\t\t\t\t<\/div>\n\t\t\t<\/div>\n\t\t\t\t<\/div>\n\t\t\t\t<\/div>\n\t\t<div class=\"has_ae_slider elementor-element elementor-element-200f7a3 e-con-full e-flex ae-bg-gallery-type-default e-con e-parent\" data-id=\"200f7a3\" data-element_type=\"container\">\n\t\t<div class=\"has_ae_slider elementor-element elementor-element-cf3ab3c e-con-full e-flex ae-bg-gallery-type-default e-con e-child\" data-id=\"cf3ab3c\" data-element_type=\"container\">\n\t\t\t\t<div class=\"elementor-element elementor-element-974101e elementor-widget elementor-widget-heading\" data-id=\"974101e\" data-element_type=\"widget\" data-widget_type=\"heading.default\">\n\t\t\t\t<div class=\"elementor-widget-container\">\n\t\t\t<h2 class=\"elementor-heading-title elementor-size-default\">Th\u1ef1c \u0111\u01a1n<\/h2>\t\t<\/div>\n\t\t\t\t<\/div>\n\t\t\t\t<div class=\"elementor-element elementor-element-6a835b7 elementor-widget elementor-widget-text-editor\" data-id=\"6a835b7\" data-element_type=\"widget\" data-widget_type=\"text-editor.default\">\n\t\t\t\t<div class=\"elementor-widget-container\">\n\t\t\t\t\t\t\t<p>V\u1edbi s\u1ef1 t\u1eadn t\u00e2m v\u00e0 s\u00e1ng t\u1ea1o, \u0111\u1ed9i ng\u0169 c\u1ee7a ch\u00fang t\u00f4i t\u1ef1 h\u00e0o mang \u0111\u1ebfn nh\u1eefng m\u00f3n \u0103n \u0110\u1ecba Trung H\u1ea3i k\u1ebft h\u1ee3p ho\u00e0n h\u1ea3o gi\u1eefa h\u01b0\u01a1ng v\u1ecb tinh t\u1ebf v\u00e0 ngh\u1ec7 thu\u1eadt tr\u00ecnh b\u00e0y \u0111\u1eb3ng c\u1ea5p.<\/p>\t\t\t\t\t\t<\/div>\n\t\t\t\t<\/div>\n\t\t\t\t<div class=\"elementor-element elementor-element-cd379be elementor-widget elementor-widget-spacer\" data-id=\"cd379be\" data-element_type=\"widget\" data-widget_type=\"spacer.default\">\n\t\t\t\t<div class=\"elementor-widget-container\">\n\t\t\t\t\t<div class=\"elementor-spacer\">\n\t\t\t<div class=\"elementor-spacer-inner\"><\/div>\n\t\t<\/div>\n\t\t\t\t<\/div>\n\t\t\t\t<\/div>\n\t\t\t\t<div class=\"elementor-element elementor-element-e8573be elementor-widget elementor-widget-button\" data-id=\"e8573be\" data-element_type=\"widget\" data-widget_type=\"button.default\">\n\t\t\t\t<div class=\"elementor-widget-container\">\n\t\t\t\t\t\t\t\t<a class=\"elementor-button elementor-button-link elementor-size-sm\" href=\"https:\/\/thegypsydng.com\/vi\/menu\/\">\n\t\t\t\t\t\t<span class=\"elementor-button-content-wrapper\">\n\t\t\t\t\t\t\t\t\t<span class=\"elementor-button-text\"> XEM TH\u1ef0C \u0110\u01a0N<\/span>\n\t\t\t\t\t<\/span>\n\t\t\t\t\t<\/a>\n\t\t\t\t\t\t<\/div>\n\t\t\t\t<\/div>\n\t\t\t\t<\/div>\n\t\t<div class=\"has_ae_slider elementor-element elementor-element-8fdbf69 e-con-full e-flex ae-bg-gallery-type-default e-con e-child\" data-id=\"8fdbf69\" data-element_type=\"container\" data-settings=\"{&quot;background_background&quot;:&quot;classic&quot;}\">\n\t\t\t\t<\/div>\n\t\t\t\t<\/div>\n\t\t<div class=\"has_ae_slider elementor-element elementor-element-693ea6d e-con-full e-flex ae-bg-gallery-type-default e-con e-parent\" data-id=\"693ea6d\" data-element_type=\"container\">\n\t\t<div class=\"has_ae_slider elementor-element elementor-element-c02c44d e-con-full e-flex ae-bg-gallery-type-default e-con e-child\" data-id=\"c02c44d\" data-element_type=\"container\" data-settings=\"{&quot;background_background&quot;:&quot;classic&quot;}\">\n\t\t\t\t<\/div>\n\t\t<div class=\"has_ae_slider elementor-element elementor-element-7ee72f3 e-con-full e-flex ae-bg-gallery-type-default e-con e-child\" data-id=\"7ee72f3\" data-element_type=\"container\">\n\t\t\t\t<div class=\"elementor-element elementor-element-f2dcadc elementor-widget elementor-widget-heading\" data-id=\"f2dcadc\" data-element_type=\"widget\" data-widget_type=\"heading.default\">\n\t\t\t\t<div class=\"elementor-widget-container\">\n\t\t\t<h2 class=\"elementor-heading-title elementor-size-default\">\u0110\u1eb7t Ch\u1ed7<\/h2>\t\t<\/div>\n\t\t\t\t<\/div>\n\t\t\t\t<div class=\"elementor-element elementor-element-7fe03fe elementor-widget elementor-widget-text-editor\" data-id=\"7fe03fe\" data-element_type=\"widget\" data-widget_type=\"text-editor.default\">\n\t\t\t\t<div class=\"elementor-widget-container\">\n\t\t\t\t\t\t\t<p>Vui l\u00f2ng \u0111\u1ec3 l\u1ea1i th\u00f4ng tin, ch\u00fang t\u00f4i s\u1ebd s\u1eafp x\u1ebfp ch\u1ed7 ng\u1ed3i l\u00fd t\u01b0\u1edfng nh\u1ea5t cho b\u1ea1n.<\/p>\t\t\t\t\t\t<\/div>\n\t\t\t\t<\/div>\n\t\t\t\t<div class=\"elementor-element elementor-element-5749c77 elementor-widget elementor-widget-spacer\" data-id=\"5749c77\" data-element_type=\"widget\" data-widget_type=\"spacer.default\">\n\t\t\t\t<div class=\"elementor-widget-container\">\n\t\t\t\t\t<div class=\"elementor-spacer\">\n\t\t\t<div class=\"elementor-spacer-inner\"><\/div>\n\t\t<\/div>\n\t\t\t\t<\/div>\n\t\t\t\t<\/div>\n\t\t\t\t<div class=\"elementor-element elementor-element-d184acb elementor-widget elementor-widget-button\" data-id=\"d184acb\" data-element_type=\"widget\" data-widget_type=\"button.default\">\n\t\t\t\t<div class=\"elementor-widget-container\">\n\t\t\t\t\t\t\t\t<a class=\"elementor-button elementor-button-link elementor-size-sm\" href=\"https:\/\/thegypsydng.com\/vi\/reservation\/\">\n\t\t\t\t\t\t<span class=\"elementor-button-content-wrapper\">\n\t\t\t\t\t\t\t\t\t<span class=\"elementor-button-text\">\u0110\u1eb6T B\u00c0N NGAY<\/span>\n\t\t\t\t\t<\/span>\n\t\t\t\t\t<\/a>\n\t\t\t\t\t\t<\/div>\n\t\t\t\t<\/div>\n\t\t\t\t<\/div>\n\t\t\t\t<\/div>\n\t\t\t\t<\/div>","protected":false},"excerpt":{"rendered":"<p class=\" translation-block\">Tr\u1ea3i nghi\u1ec7m \u1ea9m th\u1ef1c hi\u1ec7n \u0111\u1ea1i v\u1edbi t\u1ea7m nh\u00ecn ngo\u1ea1n m\u1ee5c t\u1eeb t\u1ea7ng th\u01b0\u1ee3ng.<br>\n\u0110\u1ea7u b\u1ebfp \u0111\u01b0\u1ee3c c\u00f4ng nh\u1eadn b\u1edfi Michelin Star.<\/p>","protected":false},"author":1,"featured_media":122,"parent":0,"menu_order":0,"comment_status":"closed","ping_status":"closed","template":"elementor_header_footer","meta":{"footnotes":""},"class_list":["post-28","page","type-page","status-publish","has-post-thumbnail","hentry"],"acf":[],"_links":{"self":[{"href":"https:\/\/thegypsydng.com\/vi\/wp-json\/wp\/v2\/pages\/28","targetHints":{"allow":["GET"]}}],"collection":[{"href":"https:\/\/thegypsydng.com\/vi\/wp-json\/wp\/v2\/pages"}],"about":[{"href":"https:\/\/thegypsydng.com\/vi\/wp-json\/wp\/v2\/types\/page"}],"author":[{"embeddable":true,"href":"https:\/\/thegypsydng.com\/vi\/wp-json\/wp\/v2\/users\/1"}],"replies":[{"embeddable":true,"href":"https:\/\/thegypsydng.com\/vi\/wp-json\/wp\/v2\/comments?post=28"}],"version-history":[{"count":227,"href":"https:\/\/thegypsydng.com\/vi\/wp-json\/wp\/v2\/pages\/28\/revisions"}],"predecessor-version":[{"id":1224,"href":"https:\/\/thegypsydng.com\/vi\/wp-json\/wp\/v2\/pages\/28\/revisions\/1224"}],"wp:featuredmedia":[{"embeddable":true,"href":"https:\/\/thegypsydng.com\/vi\/wp-json\/wp\/v2\/media\/122"}],"wp:attachment":[{"href":"https:\/\/thegypsydng.com\/vi\/wp-json\/wp\/v2\/media?parent=28"}],"curies":[{"name":"wp","href":"https:\/\/api.w.org\/{rel}","templated":true}]}}