{"id":73,"date":"2024-12-13T13:45:54","date_gmt":"2024-12-13T13:45:54","guid":{"rendered":"https:\/\/thegypsydng.com\/?page_id=73"},"modified":"2026-02-15T01:30:28","modified_gmt":"2026-02-15T01:30:28","slug":"menu","status":"publish","type":"page","link":"https:\/\/thegypsydng.com\/vi\/menu\/","title":{"rendered":"Th\u1ef1c \u0111\u01a1n"},"content":{"rendered":"<div data-elementor-type=\"wp-page\" data-elementor-id=\"73\" class=\"elementor elementor-73\" data-elementor-post-type=\"page\">\n\t\t\t\t<div class=\"has_ae_slider elementor-element elementor-element-032acac e-con-full e-flex ae-bg-gallery-type-default e-con e-parent\" data-id=\"032acac\" data-element_type=\"container\">\n\t\t<div class=\"has_ae_slider elementor-element elementor-element-ac25710 e-con-full slider-banner e-flex ae-bg-gallery-type-default e-con e-child\" data-id=\"ac25710\" data-element_type=\"container\" data-settings=\"{&quot;background_background&quot;:&quot;slideshow&quot;,&quot;background_slideshow_gallery&quot;:[{&quot;id&quot;:430,&quot;url&quot;:&quot;https:\\\/\\\/thegypsydng.com\\\/wp-content\\\/uploads\\\/2024\\\/12\\\/FIRERED-5147.webp&quot;}],&quot;background_slideshow_loop&quot;:&quot;yes&quot;,&quot;background_slideshow_slide_duration&quot;:5000,&quot;background_slideshow_slide_transition&quot;:&quot;fade&quot;,&quot;background_slideshow_transition_duration&quot;:500}\">\n\t\t\t\t<\/div>\n\t\t\t\t<\/div>\n\t\t<div class=\"has_ae_slider elementor-element elementor-element-b330ba0 e-flex e-con-boxed ae-bg-gallery-type-default e-con e-parent\" data-id=\"b330ba0\" data-element_type=\"container\">\n\t\t\t\t\t<div class=\"e-con-inner\">\n\t\t\t\t<div class=\"elementor-element elementor-element-a6b8d78 elementor-widget elementor-widget-heading\" data-id=\"a6b8d78\" data-element_type=\"widget\" data-widget_type=\"heading.default\">\n\t\t\t\t<div class=\"elementor-widget-container\">\n\t\t\t<h2 class=\"elementor-heading-title elementor-size-default\">Th\u1ef1c \u0111\u01a1n c\u1ee7a ch\u00fang t\u00f4i<\/h2>\t\t<\/div>\n\t\t\t\t<\/div>\n\t\t\t\t<div class=\"elementor-element elementor-element-4595b67 elementor-widget__width-initial elementor-widget elementor-widget-text-editor\" data-id=\"4595b67\" data-element_type=\"widget\" data-widget_type=\"text-editor.default\">\n\t\t\t\t<div class=\"elementor-widget-container\">\n\t\t\t\t\t\t\t<p class=\"font_8 wixui-rich-text__text\"><span class=\"wixui-rich-text__text\">B\u1eaft \u0111\u1ea7u chuy\u1ebfn phi\u00eau l\u01b0u \u1ea9m th\u1ef1c t\u1ea1i The Gypsy \u0110\u00e0 N\u1eb5ng, n\u01a1i \u0111\u1ea7u b\u1ebfp ng\u01b0\u1eddi Ph\u00e1p \u0111\u01b0\u1ee3c c\u00f4ng nh\u1eadn b\u1edfi Michelin, Olivier Corti, mang \u0111\u1ebfn m\u1ed9t b\u1eefa ti\u1ec7c \u0110\u1ecba Trung H\u1ea3i hi\u1ec7n \u0111\u1ea1i \u0111\u1ea7y cu\u1ed1n h\u00fat. M\u1ed7i m\u00f3n \u0103n l\u00e0 s\u1ef1 h\u00f2a quy\u1ec7n tinh t\u1ebf gi\u1eefa h\u01b0\u01a1ng v\u1ecb s\u1ed1ng \u0111\u1ed9ng c\u1ee7a v\u00f9ng \u0110\u1ecba Trung H\u1ea3i v\u00e0 tinh hoa \u1ea9m th\u1ef1c Ph\u00e1p - \u00dd, \u0111\u01b0\u1ee3c ch\u1ebf bi\u1ebfn t\u1eeb nh\u1eefng nguy\u00ean li\u1ec7u t\u01b0\u01a1i ngon h\u1ea3o h\u1ea1ng theo m\u00f9a. Th\u01b0\u1edfng th\u1ee9c trong kh\u00f4ng gian t\u1ea7ng th\u01b0\u1ee3ng v\u1edbi khung c\u1ea3nh tuy\u1ec7t \u0111\u1eb9p c\u1ee7a th\u00e0nh ph\u1ed1 \u0110\u00e0 N\u1eb5ng h\u1ee9a h\u1eb9n s\u1ebd \u0111em l\u1ea1i tr\u1ea3i nghi\u1ec7m kh\u00f3 qu\u00ean.<\/span><\/p>\t\t\t\t\t\t<\/div>\n\t\t\t\t<\/div>\n\t\t<div class=\"has_ae_slider elementor-element elementor-element-7d1f80c e-con-full e-flex ae-bg-gallery-type-default e-con e-child\" data-id=\"7d1f80c\" data-element_type=\"container\">\n\t\t\t\t<div class=\"elementor-element elementor-element-b803668 elementor-align-justify elementor-widget__width-initial elementor-widget elementor-widget-button\" data-id=\"b803668\" data-element_type=\"widget\" data-widget_type=\"button.default\">\n\t\t\t\t<div class=\"elementor-widget-container\">\n\t\t\t\t\t\t\t\t<a class=\"elementor-button elementor-button-link elementor-size-sm\" href=\"#elementor-action%3Aaction%3Dpopup%3Aopen%26settings%3DeyJpZCI6IjEyNDEiLCJ0b2dnbGUiOmZhbHNlfQ%3D%3D\">\n\t\t\t\t\t\t<span class=\"elementor-button-content-wrapper\">\n\t\t\t\t\t\t\t\t\t<span class=\"elementor-button-text\">\u1ea8m th\u1ef1c<\/span>\n\t\t\t\t\t<\/span>\n\t\t\t\t\t<\/a>\n\t\t\t\t\t\t<\/div>\n\t\t\t\t<\/div>\n\t\t\t\t<div class=\"elementor-element elementor-element-e4d3997 elementor-align-justify elementor-widget__width-initial elementor-hidden-desktop elementor-hidden-tablet elementor-hidden-mobile elementor-widget elementor-widget-button\" data-id=\"e4d3997\" data-element_type=\"widget\" data-widget_type=\"button.default\">\n\t\t\t\t<div class=\"elementor-widget-container\">\n\t\t\t\t\t\t\t\t<a class=\"elementor-button elementor-button-link elementor-size-sm\" href=\"#elementor-action%3Aaction%3Dpopup%3Aopen%26settings%3DeyJpZCI6IjEyNDEiLCJ0b2dnbGUiOmZhbHNlfQ%3D%3D\">\n\t\t\t\t\t\t<span class=\"elementor-button-content-wrapper\">\n\t\t\t\t\t\t\t\t\t<span class=\"elementor-button-text\">\u1ea8m th\u1ef1c<\/span>\n\t\t\t\t\t<\/span>\n\t\t\t\t\t<\/a>\n\t\t\t\t\t\t<\/div>\n\t\t\t\t<\/div>\n\t\t\t\t<div class=\"elementor-element elementor-element-c71dc1c elementor-align-justify elementor-widget__width-initial elementor-widget elementor-widget-button\" data-id=\"c71dc1c\" data-element_type=\"widget\" data-widget_type=\"button.default\">\n\t\t\t\t<div class=\"elementor-widget-container\">\n\t\t\t\t\t\t\t\t<a class=\"elementor-button elementor-button-link elementor-size-sm\" href=\"#elementor-action%3Aaction%3Dpopup%3Aopen%26settings%3DeyJpZCI6IjEzMzciLCJ0b2dnbGUiOmZhbHNlfQ%3D%3D\">\n\t\t\t\t\t\t<span class=\"elementor-button-content-wrapper\">\n\t\t\t\t\t\t\t\t\t<span class=\"elementor-button-text\">WINE MENU<\/span>\n\t\t\t\t\t<\/span>\n\t\t\t\t\t<\/a>\n\t\t\t\t\t\t<\/div>\n\t\t\t\t<\/div>\n\t\t\t\t<div class=\"elementor-element elementor-element-7f34d72 elementor-align-justify elementor-widget__width-initial elementor-widget elementor-widget-button\" data-id=\"7f34d72\" data-element_type=\"widget\" data-widget_type=\"button.default\">\n\t\t\t\t<div class=\"elementor-widget-container\">\n\t\t\t\t\t\t\t\t<a class=\"elementor-button elementor-button-link elementor-size-sm\" href=\"#elementor-action%3Aaction%3Dpopup%3Aopen%26settings%3DeyJpZCI6IjEzMzQiLCJ0b2dnbGUiOmZhbHNlfQ%3D%3D\">\n\t\t\t\t\t\t<span class=\"elementor-button-content-wrapper\">\n\t\t\t\t\t\t\t\t\t<span class=\"elementor-button-text\">\u0110\u1ed2 U\u1ed0NG<\/span>\n\t\t\t\t\t<\/span>\n\t\t\t\t\t<\/a>\n\t\t\t\t\t\t<\/div>\n\t\t\t\t<\/div>\n\t\t\t\t<\/div>\n\t\t\t\t<div class=\"elementor-element elementor-element-1fcfe22 e-n-tabs-none elementor-hidden-desktop elementor-hidden-tablet elementor-hidden-mobile elementor-widget elementor-widget-n-tabs\" data-id=\"1fcfe22\" data-element_type=\"widget\" id=\"vertical-tab\" data-settings=\"{&quot;horizontal_scroll_tablet&quot;:&quot;disable&quot;,&quot;horizontal_scroll&quot;:&quot;disable&quot;}\" data-widget_type=\"nested-tabs.default\">\n\t\t\t\t<div class=\"elementor-widget-container\">\n\t\t\t\t\t<div class=\"e-n-tabs\" data-widget-number=\"33357346\" aria-label=\"Tabs. Open items with Enter or Space, close with Escape and navigate using the Arrow keys.\">\n\t\t\t<div class=\"e-n-tabs-heading\" role=\"tablist\">\n\t\t\t\t\t<button id=\"e-n-tab-title-333573461\" class=\"e-n-tab-title\" aria-selected=\"true\" data-tab-index=\"1\" role=\"tab\" tabindex=\"0\" aria-controls=\"e-n-tab-content-333573461\" style=\"--n-tabs-title-order: 1;\">\n\t\t\t\t\t\t<span class=\"e-n-tab-title-text\">\n\t\t\t\t\u1ea8m th\u1ef1c\t\t\t<\/span>\n\t\t<\/button>\n\t\t\t\t<button id=\"e-n-tab-title-333573462\" class=\"e-n-tab-title\" aria-selected=\"false\" data-tab-index=\"2\" role=\"tab\" tabindex=\"-1\" aria-controls=\"e-n-tab-content-333573462\" style=\"--n-tabs-title-order: 2;\">\n\t\t\t\t\t\t<span class=\"e-n-tab-title-text\">\n\t\t\t\tR\u01b0\u1ee3u\t\t\t<\/span>\n\t\t<\/button>\n\t\t\t\t<button id=\"e-n-tab-title-333573463\" class=\"e-n-tab-title\" aria-selected=\"false\" data-tab-index=\"3\" role=\"tab\" tabindex=\"-1\" aria-controls=\"e-n-tab-content-333573463\" style=\"--n-tabs-title-order: 3;\">\n\t\t\t\t\t\t<span class=\"e-n-tab-title-text\">\n\t\t\t\t\u0110\u1ed2 U\u1ed0NG\t\t\t<\/span>\n\t\t<\/button>\n\t\t\t\t\t<\/div>\n\t\t\t<div class=\"e-n-tabs-content\">\n\t\t\t\t<div class=\"has_ae_slider e-active elementor-element elementor-element-9d66d85 e-con-full e-flex ae-bg-gallery-type-default e-con e-child\" id=\"e-n-tab-content-333573461\" role=\"tabpanel\" aria-labelledby=\"e-n-tab-title-333573461\" data-tab-index=\"1\" style=\"--n-tabs-title-order: 1;\" data-id=\"9d66d85\" data-element_type=\"container\">\n\t\t\t\t<\/div>\n\t\t<div class=\"has_ae_slider  elementor-element elementor-element-954e742 e-con-full e-flex ae-bg-gallery-type-default e-con e-child\" id=\"e-n-tab-content-333573462\" role=\"tabpanel\" aria-labelledby=\"e-n-tab-title-333573462\" data-tab-index=\"2\" style=\"--n-tabs-title-order: 2;\" data-id=\"954e742\" data-element_type=\"container\">\n\t\t\t\t<\/div>\n\t\t<div class=\"has_ae_slider  elementor-element elementor-element-1b6b255 e-con-full e-flex ae-bg-gallery-type-default e-con e-child\" id=\"e-n-tab-content-333573463\" role=\"tabpanel\" aria-labelledby=\"e-n-tab-title-333573463\" data-tab-index=\"3\" style=\"--n-tabs-title-order: 3;\" data-id=\"1b6b255\" data-element_type=\"container\">\n\t\t\t\t<\/div>\n\t\t\t\t\t<\/div>\n\t\t<\/div>\n\t\t\t\t<\/div>\n\t\t\t\t<\/div>\n\t\t\t\t\t<\/div>\n\t\t\t\t<\/div>\n\t\t<div class=\"has_ae_slider elementor-element elementor-element-008eecd e-flex e-con-boxed ae-bg-gallery-type-default e-con e-parent\" data-id=\"008eecd\" data-element_type=\"container\">\n\t\t\t\t\t<div class=\"e-con-inner\">\n\t\t\t\t\t<\/div>\n\t\t\t\t<\/div>\n\t\t\t\t<\/div>","protected":false},"excerpt":{"rendered":"<p>Menus Embark on a culinary adventure at The Gypsy Da Nang, where Michelin Star Selected French Chef Olivier Corti curates a modern Mediterranean feast. His creations weave together the vibrant flavors of the region, drawing inspiration from both French and Italian culinary traditions. Prepare to be surprised and delighted by innovative dishes with fresh, seasonal [&hellip;]<\/p>","protected":false},"author":1,"featured_media":0,"parent":0,"menu_order":0,"comment_status":"closed","ping_status":"closed","template":"elementor_header_footer","meta":{"footnotes":""},"class_list":["post-73","page","type-page","status-publish","hentry"],"acf":[],"_links":{"self":[{"href":"https:\/\/thegypsydng.com\/vi\/wp-json\/wp\/v2\/pages\/73","targetHints":{"allow":["GET"]}}],"collection":[{"href":"https:\/\/thegypsydng.com\/vi\/wp-json\/wp\/v2\/pages"}],"about":[{"href":"https:\/\/thegypsydng.com\/vi\/wp-json\/wp\/v2\/types\/page"}],"author":[{"embeddable":true,"href":"https:\/\/thegypsydng.com\/vi\/wp-json\/wp\/v2\/users\/1"}],"replies":[{"embeddable":true,"href":"https:\/\/thegypsydng.com\/vi\/wp-json\/wp\/v2\/comments?post=73"}],"version-history":[{"count":208,"href":"https:\/\/thegypsydng.com\/vi\/wp-json\/wp\/v2\/pages\/73\/revisions"}],"predecessor-version":[{"id":1535,"href":"https:\/\/thegypsydng.com\/vi\/wp-json\/wp\/v2\/pages\/73\/revisions\/1535"}],"wp:attachment":[{"href":"https:\/\/thegypsydng.com\/vi\/wp-json\/wp\/v2\/media?parent=73"}],"curies":[{"name":"wp","href":"https:\/\/api.w.org\/{rel}","templated":true}]}}