{"id":75,"date":"2024-12-13T13:46:08","date_gmt":"2024-12-13T13:46:08","guid":{"rendered":"https:\/\/thegypsydng.com\/?page_id=75"},"modified":"2026-05-07T16:20:15","modified_gmt":"2026-05-07T16:20:15","slug":"reservation","status":"publish","type":"page","link":"https:\/\/thegypsydng.com\/vi\/reservation\/","title":{"rendered":"\u0110\u1eb7t B\u00e0n"},"content":{"rendered":"<div data-elementor-type=\"wp-page\" data-elementor-id=\"75\" class=\"elementor elementor-75\" data-elementor-post-type=\"page\">\n\t\t\t\t<div class=\"has_ae_slider elementor-element elementor-element-064f19a e-con-full e-flex ae-bg-gallery-type-default e-con e-parent\" data-id=\"064f19a\" data-element_type=\"container\">\n\t\t<div class=\"has_ae_slider elementor-element elementor-element-a081661 e-con-full slider-banner e-flex ae-bg-gallery-type-default e-con e-child\" data-id=\"a081661\" data-element_type=\"container\" data-settings=\"{&quot;background_background&quot;:&quot;slideshow&quot;,&quot;background_slideshow_gallery&quot;:[{&quot;id&quot;:122,&quot;url&quot;:&quot;https:\\\/\\\/thegypsydng.com\\\/wp-content\\\/uploads\\\/2024\\\/12\\\/FIRERED-9440-2.webp&quot;}],&quot;background_slideshow_loop&quot;:&quot;yes&quot;,&quot;background_slideshow_slide_duration&quot;:5000,&quot;background_slideshow_slide_transition&quot;:&quot;fade&quot;,&quot;background_slideshow_transition_duration&quot;:500}\">\n\t\t\t\t<\/div>\n\t\t\t\t<\/div>\n\t\t<div class=\"has_ae_slider elementor-element elementor-element-aa80778 e-flex e-con-boxed ae-bg-gallery-type-default e-con e-parent\" data-id=\"aa80778\" data-element_type=\"container\">\n\t\t\t\t\t<div class=\"e-con-inner\">\n\t\t\t\t<div class=\"elementor-element elementor-element-a11f5c7 elementor-widget elementor-widget-heading\" data-id=\"a11f5c7\" data-element_type=\"widget\" data-widget_type=\"heading.default\">\n\t\t\t\t<div class=\"elementor-widget-container\">\n\t\t\t<h2 class=\"elementor-heading-title elementor-size-default\">\u0110\u1eb7t b\u00e0n<\/h2>\t\t<\/div>\n\t\t\t\t<\/div>\n\t\t\t\t<div class=\"elementor-element elementor-element-4c9f804 elementor-widget elementor-widget-image\" data-id=\"4c9f804\" data-element_type=\"widget\" data-widget_type=\"image.default\">\n\t\t\t\t<div class=\"elementor-widget-container\">\n\t\t\t\t\t\t\t\t\t\t\t\t\t<img fetchpriority=\"high\" decoding=\"async\" width=\"876\" height=\"724\" src=\"https:\/\/thegypsydng.com\/wp-content\/uploads\/2026\/05\/Asset-1.png\" class=\"attachment-full size-full wp-image-1633\" alt=\"\" srcset=\"https:\/\/thegypsydng.com\/wp-content\/uploads\/2026\/05\/Asset-1.png 876w, https:\/\/thegypsydng.com\/wp-content\/uploads\/2026\/05\/Asset-1-300x248.png 300w, https:\/\/thegypsydng.com\/wp-content\/uploads\/2026\/05\/Asset-1-768x635.png 768w, https:\/\/thegypsydng.com\/wp-content\/uploads\/2026\/05\/Asset-1-15x12.png 15w\" sizes=\"(max-width: 876px) 100vw, 876px\" \/>\t\t\t\t\t\t\t\t\t\t\t\t\t<\/div>\n\t\t\t\t<\/div>\n\t\t\t\t<div class=\"elementor-element elementor-element-f77d6b2 elementor-widget__width-initial elementor-widget elementor-widget-text-editor\" data-id=\"f77d6b2\" data-element_type=\"widget\" data-widget_type=\"text-editor.default\">\n\t\t\t\t<div class=\"elementor-widget-container\">\n\t\t\t\t\t\t\t<p class=\" translation-block\">Kh\u00e1m ph\u00e1 h\u00e0nh tr\u00ecnh \u1ea9m th\u1ef1c \u0111\u1ea7y c\u1ea3m h\u1ee9ng t\u1ea1i The Gypsy \u0110\u00e0 N\u1eb5ng! Th\u01b0\u1edfng th\u1ee9c tinh hoa \u0110\u1ecba Trung H\u1ea3i hi\u1ec7n \u0111\u1ea1i trong kh\u00f4ng gian rooftop tuy\u1ec7t \u0111\u1eb9p. \u0110\u1eb7t b\u00e0n ngay h\u00f4m nay \u0111\u1ec3 t\u1eadn h\u01b0\u1edfng tuy\u1ec7t t\u00e1c \u1ea9m th\u1ef1c \u0111\u01b0\u1ee3c s\u00e1ng t\u1ea1o b\u1edfi \u0111\u1ea7u b\u1ebfp Michelin, Olivier Corti. Tr\u1ecdn v\u1eb9n tr\u1ea3i nghi\u1ec7m v\u1edbi h\u01b0\u01a1ng v\u1ecb cocktail tinh t\u1ebf hay r\u01b0\u1ee3u vang th\u01b0\u1ee3ng h\u1ea1ng \u0111\u01b0\u1ee3c tuy\u1ec3n ch\u1ecdn k\u1ef9 l\u01b0\u1ee1ng.<\/p>\t\t\t\t\t\t<\/div>\n\t\t\t\t<\/div>\n\t\t\t\t<div class=\"elementor-element elementor-element-6aaa478 elementor-align-justify elementor-widget__width-initial elementor-widget elementor-widget-button\" data-id=\"6aaa478\" data-element_type=\"widget\" data-widget_type=\"button.default\">\n\t\t\t\t<div class=\"elementor-widget-container\">\n\t\t\t\t\t\t\t\t<a class=\"elementor-button elementor-button-link elementor-size-sm\" href=\"https:\/\/www.tablecheck.com\/en\/the-gypsy-rooftop-restaurant-bar\/reserve\/landing?utm_source=website\" target=\"_blank\" rel=\"noopener\">\n\t\t\t\t\t\t<span class=\"elementor-button-content-wrapper\">\n\t\t\t\t\t\t\t\t\t<span class=\"elementor-button-text\">\u0110\u1eb7t B\u00e0n Ngay !<\/span>\n\t\t\t\t\t<\/span>\n\t\t\t\t\t<\/a>\n\t\t\t\t\t\t<\/div>\n\t\t\t\t<\/div>\n\t\t\t\t<div class=\"elementor-element elementor-element-53bbb43 elementor-hidden-desktop elementor-hidden-tablet elementor-hidden-mobile elementor-button-align-stretch elementor-widget elementor-widget-form\" data-id=\"53bbb43\" data-element_type=\"widget\" data-settings=\"{&quot;step_next_label&quot;:&quot;Next&quot;,&quot;step_previous_label&quot;:&quot;Previous&quot;,&quot;button_width&quot;:&quot;100&quot;,&quot;step_type&quot;:&quot;number_text&quot;,&quot;step_icon_shape&quot;:&quot;circle&quot;}\" data-widget_type=\"form.default\">\n\t\t\t\t<div class=\"elementor-widget-container\">\n\t\t\t\t\t<form class=\"elementor-form\" method=\"post\" name=\"New Form\" action=\"\">\n\t\t\t<input type=\"hidden\" name=\"post_id\" value=\"75\"\/>\n\t\t\t<input type=\"hidden\" name=\"form_id\" value=\"53bbb43\"\/>\n\t\t\t<input type=\"hidden\" name=\"referer_title\" value=\"\" \/>\n\n\t\t\t\n\t\t\t<div class=\"elementor-form-fields-wrapper elementor-labels-above\">\n\t\t\t\t\t\t\t\t<div class=\"elementor-field-type-text elementor-field-group elementor-column elementor-field-group-field_name elementor-col-100 elementor-field-required elementor-mark-required\">\n\t\t\t\t\t\t\t\t\t\t\t\t<label for=\"form-field-field_name\" class=\"elementor-field-label\">\n\t\t\t\t\t\t\t\tName of guest\t\t\t\t\t\t\t<\/label>\n\t\t\t\t\t\t\t\t\t\t\t\t\t\t<input size=\"1\" type=\"text\" name=\"form_fields[field_name]\" id=\"form-field-field_name\" class=\"elementor-field elementor-size-sm  elementor-field-textual\" placeholder=\"...\" required=\"required\" aria-required=\"true\">\n\t\t\t\t\t\t\t\t\t\t\t<\/div>\n\t\t\t\t\t\t\t\t<div class=\"elementor-field-type-email elementor-field-group elementor-column elementor-field-group-email_back elementor-col-50 elementor-field-required elementor-mark-required\">\n\t\t\t\t\t\t\t\t\t\t\t\t<label for=\"form-field-email_back\" class=\"elementor-field-label\">\n\t\t\t\t\t\t\t\tEmail\t\t\t\t\t\t\t<\/label>\n\t\t\t\t\t\t\t\t\t\t\t\t\t\t<input size=\"1\" type=\"email\" name=\"form_fields[email_back]\" id=\"form-field-email_back\" class=\"elementor-field elementor-size-sm  elementor-field-textual\" placeholder=\"...\" required=\"required\" aria-required=\"true\">\n\t\t\t\t\t\t\t\t\t\t\t<\/div>\n\t\t\t\t\t\t\t\t<div class=\"elementor-field-type-text elementor-field-group elementor-column elementor-field-group-field_738f34e elementor-col-50 elementor-field-required elementor-mark-required\">\n\t\t\t\t\t\t\t\t\t\t\t\t<label for=\"form-field-field_738f34e\" class=\"elementor-field-label\">\n\t\t\t\t\t\t\t\tPhone\t\t\t\t\t\t\t<\/label>\n\t\t\t\t\t\t\t\t\t\t\t\t\t\t<input size=\"1\" type=\"text\" name=\"form_fields[field_738f34e]\" id=\"form-field-field_738f34e\" class=\"elementor-field elementor-size-sm  elementor-field-textual\" placeholder=\"...\" required=\"required\" aria-required=\"true\">\n\t\t\t\t\t\t\t\t\t\t\t<\/div>\n\t\t\t\t\t\t\t\t<div class=\"elementor-field-type-select elementor-field-group elementor-column elementor-field-group-field_75e4857 elementor-col-100 elementor-field-required elementor-mark-required\">\n\t\t\t\t\t\t\t\t\t\t\t\t<label for=\"form-field-field_75e4857\" class=\"elementor-field-label\">\n\t\t\t\t\t\t\t\tS\u1ed1 l\u01b0\u1ee3ng ng\u01b0\u1eddi\t\t\t\t\t\t\t<\/label>\n\t\t\t\t\t\t\t\t<div class=\"elementor-field elementor-select-wrapper remove-before\">\n\t\t\t<div class=\"select-caret-down-wrapper\">\n\t\t\t\t<svg aria-hidden=\"true\" class=\"e-font-icon-svg e-eicon-caret-down\" viewbox=\"0 0 571.4 571.4\" xmlns=\"http:\/\/www.w3.org\/2000\/svg\"><path d=\"M571 393Q571 407 561 418L311 668Q300 679 286 679T261 668L11 418Q0 407 0 393T11 368 36 357H536Q550 357 561 368T571 393Z\"><\/path><\/svg>\t\t\t<\/div>\n\t\t\t<select name=\"form_fields[field_75e4857]\" id=\"form-field-field_75e4857\" class=\"elementor-field-textual elementor-size-sm\" required=\"required\" aria-required=\"true\">\n\t\t\t\t\t\t\t\t\t<option value=\"Number of people\">S\u1ed1 l\u01b0\u1ee3ng ng\u01b0\u1eddi<\/option>\n\t\t\t\t\t\t\t\t\t<option value=\"1 Person\">1 Person<\/option>\n\t\t\t\t\t\t\t\t\t<option value=\"2 People\">2 People<\/option>\n\t\t\t\t\t\t\t\t\t<option value=\"3 People\">3 People<\/option>\n\t\t\t\t\t\t\t\t\t<option value=\"4 People\">4 People<\/option>\n\t\t\t\t\t\t\t\t\t<option value=\"5 People\">5 People<\/option>\n\t\t\t\t\t\t\t\t\t<option value=\"6 People\">6 People<\/option>\n\t\t\t\t\t\t\t\t\t<option value=\"7 People\">7 People<\/option>\n\t\t\t\t\t\t\t\t\t<option value=\"8 People\">8 People<\/option>\n\t\t\t\t\t\t\t\t\t<option value=\"9 People\">9 People<\/option>\n\t\t\t\t\t\t\t\t\t<option value=\"10 People\">10 People<\/option>\n\t\t\t\t\t\t\t\t\t<option value=\"For large group (over 10 pax), please send us an email at booking@thegypsydng.com\">For large group (over 10 pax), please send us an email at booking@thegypsydng.com<\/option>\n\t\t\t\t\t\t\t\t\t<option value=\"....\">....<\/option>\n\t\t\t\t\t\t\t<\/select>\n\t\t<\/div>\n\t\t\t\t\t\t<\/div>\n\t\t\t\t\t\t\t\t<div class=\"elementor-field-type-select elementor-field-group elementor-column elementor-field-group-email elementor-col-100 elementor-field-required elementor-mark-required\">\n\t\t\t\t\t\t\t\t\t\t\t\t<label for=\"form-field-email\" class=\"elementor-field-label\">\n\t\t\t\t\t\t\t\tKhung gi\u1edd\t\t\t\t\t\t\t<\/label>\n\t\t\t\t\t\t\t\t<div class=\"elementor-field elementor-select-wrapper remove-before\">\n\t\t\t<div class=\"select-caret-down-wrapper\">\n\t\t\t\t<svg aria-hidden=\"true\" class=\"e-font-icon-svg e-eicon-caret-down\" viewbox=\"0 0 571.4 571.4\" xmlns=\"http:\/\/www.w3.org\/2000\/svg\"><path d=\"M571 393Q571 407 561 418L311 668Q300 679 286 679T261 668L11 418Q0 407 0 393T11 368 36 357H536Q550 357 561 368T571 393Z\"><\/path><\/svg>\t\t\t<\/div>\n\t\t\t<select name=\"form_fields[email]\" id=\"form-field-email\" class=\"elementor-field-textual elementor-size-sm\" required=\"required\" aria-required=\"true\">\n\t\t\t\t\t\t\t\t\t<option value=\"Time slot\">Khung gi\u1edd<\/option>\n\t\t\t\t\t\t\t\t\t<option value=\"17:00 PM  \">17:00 PM  <\/option>\n\t\t\t\t\t\t\t\t\t<option value=\"17:15 PM  \">17:15 PM  <\/option>\n\t\t\t\t\t\t\t\t\t<option value=\"17:30 PM  \">17:30 PM  <\/option>\n\t\t\t\t\t\t\t\t\t<option value=\"17:45 PM  \">17:45 PM  <\/option>\n\t\t\t\t\t\t\t\t\t<option value=\"18:00 PM  \">18:00 PM  <\/option>\n\t\t\t\t\t\t\t\t\t<option value=\"18:15 PM  \">18:15 PM  <\/option>\n\t\t\t\t\t\t\t\t\t<option value=\"18:30 PM  \">18:30 PM  <\/option>\n\t\t\t\t\t\t\t\t\t<option value=\"18:45 PM  \">18:45 PM  <\/option>\n\t\t\t\t\t\t\t\t\t<option value=\"19:00 PM  \">19:00 PM  <\/option>\n\t\t\t\t\t\t\t\t\t<option value=\"19:15 PM  \">19:15 PM  <\/option>\n\t\t\t\t\t\t\t\t\t<option value=\"19:30 PM  \">19:30 PM  <\/option>\n\t\t\t\t\t\t\t\t\t<option value=\"19:45 PM  \">19:45 PM  <\/option>\n\t\t\t\t\t\t\t\t\t<option value=\"20:00 PM  \">20:00 PM  <\/option>\n\t\t\t\t\t\t\t\t\t<option value=\"20:15 PM  \">20:15 PM  <\/option>\n\t\t\t\t\t\t\t\t\t<option value=\"20:30 PM  \">20:30 PM  <\/option>\n\t\t\t\t\t\t\t\t\t<option value=\"20:45 PM  \">20:45 PM  <\/option>\n\t\t\t\t\t\t\t\t\t<option value=\"21:00 PM  \">21:00 PM  <\/option>\n\t\t\t\t\t\t\t\t\t<option value=\"21:15 PM  \">21:15 PM  <\/option>\n\t\t\t\t\t\t\t\t\t<option value=\"21:30 PM  \">21:30 PM  <\/option>\n\t\t\t\t\t\t\t\t\t<option value=\"21:45 PM  \">21:45 PM  <\/option>\n\t\t\t\t\t\t\t\t\t<option value=\"22:00 PM  \">22:00 PM  <\/option>\n\t\t\t\t\t\t\t\t\t<option value=\"22:15 PM  \">22:15 PM  <\/option>\n\t\t\t\t\t\t\t\t\t<option value=\"22:30 PM  \">22:30 PM  <\/option>\n\t\t\t\t\t\t\t\t\t<option value=\"22:45 PM  \">22:45 PM  <\/option>\n\t\t\t\t\t\t\t\t\t<option value=\"23:00 PM \">23:00 PM <\/option>\n\t\t\t\t\t\t\t\t\t<option value=\"...\">...<\/option>\n\t\t\t\t\t\t\t<\/select>\n\t\t<\/div>\n\t\t\t\t\t\t<\/div>\n\t\t\t\t\t\t\t\t<div class=\"elementor-field-type-date elementor-field-group elementor-column elementor-field-group-field_4607af3 elementor-col-50 elementor-field-required elementor-mark-required\">\n\t\t\t\t\t\t\t\t\t\t\t\t<label for=\"form-field-field_4607af3\" class=\"elementor-field-label\">\n\t\t\t\t\t\t\t\tNg\u00e0y\t\t\t\t\t\t\t<\/label>\n\t\t\t\t\t\t\n\t\t<input type=\"date\" name=\"form_fields[field_4607af3]\" id=\"form-field-field_4607af3\" class=\"elementor-field elementor-size-sm  elementor-field-textual elementor-date-field elementor-use-native\" required=\"required\" aria-required=\"true\" pattern=\"[0-9]{4}-[0-9]{2}-[0-9]{2}\">\n\t\t\t\t\t\t<\/div>\n\t\t\t\t\t\t\t\t<div class=\"elementor-field-type-select elementor-field-group elementor-column elementor-field-group-field_8eb2ff8 elementor-col-50 elementor-field-required elementor-mark-required\">\n\t\t\t\t\t\t\t\t\t\t\t\t<label for=\"form-field-field_8eb2ff8\" class=\"elementor-field-label\">\n\t\t\t\t\t\t\t\tKhu v\u1ef1c ch\u1ed7 ng\u1ed3i\t\t\t\t\t\t\t<\/label>\n\t\t\t\t\t\t\t\t<div class=\"elementor-field elementor-select-wrapper remove-before\">\n\t\t\t<div class=\"select-caret-down-wrapper\">\n\t\t\t\t<svg aria-hidden=\"true\" class=\"e-font-icon-svg e-eicon-caret-down\" viewbox=\"0 0 571.4 571.4\" xmlns=\"http:\/\/www.w3.org\/2000\/svg\"><path d=\"M571 393Q571 407 561 418L311 668Q300 679 286 679T261 668L11 418Q0 407 0 393T11 368 36 357H536Q550 357 561 368T571 393Z\"><\/path><\/svg>\t\t\t<\/div>\n\t\t\t<select name=\"form_fields[field_8eb2ff8]\" id=\"form-field-field_8eb2ff8\" class=\"elementor-field-textual elementor-size-sm\" required=\"required\" aria-required=\"true\">\n\t\t\t\t\t\t\t\t\t<option value=\"Seat preference\">Khu v\u1ef1c ch\u1ed7 ng\u1ed3i<\/option>\n\t\t\t\t\t\t\t\t\t<option value=\"Indoor\">Indoor<\/option>\n\t\t\t\t\t\t\t\t\t<option value=\"Outdoor\">Outdoor<\/option>\n\t\t\t\t\t\t\t\t\t<option value=\"...\">...<\/option>\n\t\t\t\t\t\t\t<\/select>\n\t\t<\/div>\n\t\t\t\t\t\t<\/div>\n\t\t\t\t\t\t\t\t<div class=\"elementor-field-type-textarea elementor-field-group elementor-column elementor-field-group-message elementor-col-100\">\n\t\t\t\t\t\t\t\t\t\t\t\t<label for=\"form-field-message\" class=\"elementor-field-label\">\n\t\t\t\t\t\t\t\tTin nh\u1eafn cho ch\u00fang t\u00f4i\t\t\t\t\t\t\t<\/label>\n\t\t\t\t\t\t<textarea class=\"elementor-field-textual elementor-field  elementor-size-sm\" name=\"form_fields[message]\" id=\"form-field-message\" rows=\"4\" placeholder=\"....\"><\/textarea>\t\t\t\t<\/div>\n\t\t\t\t\t\t\t\t<div class=\"elementor-field-group elementor-column elementor-field-type-submit elementor-col-100 e-form__buttons\">\n\t\t\t\t\t<button type=\"submit\" class=\"elementor-button elementor-size-sm\">\n\t\t\t\t\t\t<span >\n\t\t\t\t\t\t\t\t\t\t\t\t\t\t\t<span class=\"elementor-button-icon\">\n\t\t\t\t\t\t\t\t\t\t\t\t\t\t\t\t\t\t\t\t\t\t\t\t\t\t<\/span>\n\t\t\t\t\t\t\t\t\t\t\t\t\t\t\t\t\t\t\t\t\t\t<span class=\"elementor-button-text\">\u0110\u1eb7t b\u00e0n ngay!<\/span>\n\t\t\t\t\t\t\t\t\t\t\t\t\t<\/span>\n\t\t\t\t\t<\/button>\n\t\t\t\t<\/div>\n\t\t\t<\/div>\n\t\t<input type=\"hidden\" name=\"trp-form-language\" value=\"vi\"\/><\/form>\n\t\t\t\t<\/div>\n\t\t\t\t<\/div>\n\t\t\t\t\t<\/div>\n\t\t\t\t<\/div>\n\t\t\t\t<\/div>","protected":false},"excerpt":{"rendered":"<p>Reserver a table Discover a culinary adventure at The Gypsy Da Nang. Immerse yourself in a world of flavors, where modern Mediterranean cuisine meets stunning rooftop views. Reserve your table today and let our Michelin Star Selected Chef, Olivier Corti, tantalize your taste buds with innovative dishes. Pair your meal with handcrafted cocktails or a [&hellip;]<\/p>","protected":false},"author":1,"featured_media":124,"parent":0,"menu_order":0,"comment_status":"closed","ping_status":"closed","template":"elementor_header_footer","meta":{"footnotes":""},"class_list":["post-75","page","type-page","status-publish","has-post-thumbnail","hentry"],"acf":[],"_links":{"self":[{"href":"https:\/\/thegypsydng.com\/vi\/wp-json\/wp\/v2\/pages\/75","targetHints":{"allow":["GET"]}}],"collection":[{"href":"https:\/\/thegypsydng.com\/vi\/wp-json\/wp\/v2\/pages"}],"about":[{"href":"https:\/\/thegypsydng.com\/vi\/wp-json\/wp\/v2\/types\/page"}],"author":[{"embeddable":true,"href":"https:\/\/thegypsydng.com\/vi\/wp-json\/wp\/v2\/users\/1"}],"replies":[{"embeddable":true,"href":"https:\/\/thegypsydng.com\/vi\/wp-json\/wp\/v2\/comments?post=75"}],"version-history":[{"count":184,"href":"https:\/\/thegypsydng.com\/vi\/wp-json\/wp\/v2\/pages\/75\/revisions"}],"predecessor-version":[{"id":1636,"href":"https:\/\/thegypsydng.com\/vi\/wp-json\/wp\/v2\/pages\/75\/revisions\/1636"}],"wp:featuredmedia":[{"embeddable":true,"href":"https:\/\/thegypsydng.com\/vi\/wp-json\/wp\/v2\/media\/124"}],"wp:attachment":[{"href":"https:\/\/thegypsydng.com\/vi\/wp-json\/wp\/v2\/media?parent=75"}],"curies":[{"name":"wp","href":"https:\/\/api.w.org\/{rel}","templated":true}]}}