{"id":79,"date":"2024-12-13T13:46:34","date_gmt":"2024-12-13T13:46:34","guid":{"rendered":"https:\/\/thegypsydng.com\/?page_id=79"},"modified":"2025-01-23T08:17:04","modified_gmt":"2025-01-23T08:17:04","slug":"private-events-services","status":"publish","type":"page","link":"https:\/\/thegypsydng.com\/vi\/private-events-services\/","title":{"rendered":"S\u1ef1 ki\u1ec7n &amp; D\u1ecbch v\u1ee5"},"content":{"rendered":"<div data-elementor-type=\"wp-page\" data-elementor-id=\"79\" class=\"elementor elementor-79\" data-elementor-post-type=\"page\">\n\t\t\t\t<div class=\"has_ae_slider elementor-element elementor-element-6db1d14 e-con-full e-flex ae-bg-gallery-type-default e-con e-parent\" data-id=\"6db1d14\" data-element_type=\"container\">\n\t\t<div class=\"has_ae_slider elementor-element elementor-element-ded9fe4 e-con-full slider-banner e-flex ae-bg-gallery-type-default e-con e-child\" data-id=\"ded9fe4\" data-element_type=\"container\" data-settings=\"{&quot;background_background&quot;:&quot;slideshow&quot;,&quot;background_slideshow_gallery&quot;:[{&quot;id&quot;:124,&quot;url&quot;:&quot;https:\\\/\\\/thegypsydng.com\\\/wp-content\\\/uploads\\\/2024\\\/12\\\/FRED-09133.webp&quot;}],&quot;background_slideshow_loop&quot;:&quot;yes&quot;,&quot;background_slideshow_slide_duration&quot;:5000,&quot;background_slideshow_slide_transition&quot;:&quot;fade&quot;,&quot;background_slideshow_transition_duration&quot;:500}\">\n\t\t\t\t<\/div>\n\t\t\t\t<\/div>\n\t\t<div class=\"has_ae_slider elementor-element elementor-element-937d7be e-con-full e-flex ae-bg-gallery-type-default e-con e-parent\" data-id=\"937d7be\" data-element_type=\"container\">\n\t\t\t\t<div class=\"elementor-element elementor-element-dd7b92a elementor-widget elementor-widget-heading\" data-id=\"dd7b92a\" data-element_type=\"widget\" data-widget_type=\"heading.default\">\n\t\t\t\t<div class=\"elementor-widget-container\">\n\t\t\t<h2 class=\"elementor-heading-title elementor-size-default\">S\u1ef1 ki\u1ec7n &amp; D\u1ecbch v\u1ee5<\/h2>\t\t<\/div>\n\t\t\t\t<\/div>\n\t\t\t\t<div class=\"elementor-element elementor-element-046b2f9 elementor-widget__width-initial elementor-widget elementor-widget-text-editor\" data-id=\"046b2f9\" data-element_type=\"widget\" data-widget_type=\"text-editor.default\">\n\t\t\t\t<div class=\"elementor-widget-container\">\n\t\t\t\t\t\t\t<p class=\"font_8 wixui-rich-text__text\">T\u1ed5 ch\u1ee9c nh\u1eefng s\u1ef1 ki\u1ec7n \u0111\u00e1ng nh\u1edb t\u1ea1i The Gypsy \u0110\u00e0 N\u1eb5ng<\/p>\t\t\t\t\t\t<\/div>\n\t\t\t\t<\/div>\n\t\t\t\t<div class=\"elementor-element elementor-element-354b377 elementor-widget elementor-widget-spacer\" data-id=\"354b377\" data-element_type=\"widget\" data-widget_type=\"spacer.default\">\n\t\t\t\t<div class=\"elementor-widget-container\">\n\t\t\t\t\t<div class=\"elementor-spacer\">\n\t\t\t<div class=\"elementor-spacer-inner\"><\/div>\n\t\t<\/div>\n\t\t\t\t<\/div>\n\t\t\t\t<\/div>\n\t\t<div class=\"has_ae_slider elementor-element elementor-element-5f4f892 e-con-full e-flex ae-bg-gallery-type-default e-con e-child\" data-id=\"5f4f892\" data-element_type=\"container\">\n\t\t<div class=\"has_ae_slider elementor-element elementor-element-8a6d340 e-con-full e-flex ae-bg-gallery-type-default e-con e-child\" data-id=\"8a6d340\" data-element_type=\"container\" data-settings=\"{&quot;background_background&quot;:&quot;classic&quot;}\">\n\t\t\t\t<\/div>\n\t\t<div class=\"has_ae_slider elementor-element elementor-element-9bd35f5 e-con-full e-flex ae-bg-gallery-type-default e-con e-child\" data-id=\"9bd35f5\" data-element_type=\"container\">\n\t\t\t\t<div class=\"elementor-element elementor-element-8959ee3 elementor-widget__width-initial elementor-widget elementor-widget-text-editor\" data-id=\"8959ee3\" data-element_type=\"widget\" data-widget_type=\"text-editor.default\">\n\t\t\t\t<div class=\"elementor-widget-container\">\n\t\t\t\t\t\t\t<p class=\"font_8 wixui-rich-text__text\"><b>B\u1ea1n \u0111ang t\u00ecm ki\u1ebfm m\u1ed9t kh\u00f4ng gian \u0111\u1eb3ng c\u1ea5p cho s\u1ef1 ki\u1ec7n quan tr\u1ecdng c\u1ee7a c\u00f4ng ty, m\u1ed9t \u0111\u00e1m c\u01b0\u1edbi l\u00e3ng m\u1ea1n d\u01b0\u1edbi b\u1ea7u tr\u1eddi sao, hay l\u1ec5 k\u1ef7 ni\u1ec7m \u0111\u00e1ng nh\u1edb b\u00ean b\u1ea1n b\u00e8 v\u00e0 ng\u01b0\u1eddi th\u00e2n v\u1edbi khung c\u1ea3nh th\u00e0nh ph\u1ed1 l\u1ed9ng l\u1eaby l\u00e0m ph\u00f4ng n\u1ec1n?<\/b><\/p><p class=\"font_8 wixui-rich-text__text\"><span style=\"font-weight: 400;\"> The Gypsy, nh\u00e0 h\u00e0ng rooftop duy nh\u1ea5t t\u1ea1i \u0110\u00e0 N\u1eb5ng, mang \u0111\u1ebfn kh\u00f4ng gian sang tr\u1ecdng c\u00f9ng d\u1ecbch v\u1ee5 ho\u00e0n h\u1ea3o gi\u00fap n\u00e2ng t\u1ea7m s\u1ef1 ki\u1ec7n c\u1ee7a b\u1ea1n.<\/span><\/p>\t\t\t\t\t\t<\/div>\n\t\t\t\t<\/div>\n\t\t\t\t<\/div>\n\t\t\t\t<\/div>\n\t\t<div class=\"has_ae_slider elementor-element elementor-element-14adc18 e-con-full e-flex ae-bg-gallery-type-default e-con e-child\" data-id=\"14adc18\" data-element_type=\"container\">\n\t\t<div class=\"has_ae_slider elementor-element elementor-element-b43c9e5 e-con-full e-flex ae-bg-gallery-type-default e-con e-child\" data-id=\"b43c9e5\" data-element_type=\"container\" data-settings=\"{&quot;background_background&quot;:&quot;classic&quot;}\">\n\t\t\t\t<\/div>\n\t\t<div class=\"has_ae_slider elementor-element elementor-element-b6e0602 e-con-full e-flex ae-bg-gallery-type-default e-con e-child\" data-id=\"b6e0602\" data-element_type=\"container\">\n\t\t\t\t<div class=\"elementor-element elementor-element-6d77c6d elementor-widget__width-initial elementor-widget elementor-widget-text-editor\" data-id=\"6d77c6d\" data-element_type=\"widget\" data-widget_type=\"text-editor.default\">\n\t\t\t\t<div class=\"elementor-widget-container\">\n\t\t\t\t\t\t\t<p class=\"font_8 wixui-rich-text__text translation-block\">D\u00f9 l\u00e0 bu\u1ed5i h\u1ecdp m\u1eb7t c\u00f4ng ty th\u00e2n m\u1eadt v\u1edbi 80 kh\u00e1ch t\u1ea1i kh\u00f4ng gian trong nh\u00e0 sang tr\u1ecdng, m\u1ed9t bu\u1ed5i ti\u1ec7c s\u00f4i \u0111\u1ed9ng b\u00ean h\u1ed3 b\u01a1i cho 150 kh\u00e1ch, hay m\u1ed9t l\u1ec5 c\u01b0\u1edbi ho\u00e0nh tr\u00e1ng v\u1edbi 300 kh\u00e1ch t\u1ea1i s\u00e2n th\u01b0\u1ee3ng Upper Sky Garden, ch\u00fang t\u00f4i lu\u00f4n s\u1eb5n s\u00e0ng bi\u1ebfn m\u1ecdi \u00fd t\u01b0\u1edfng c\u1ee7a b\u1ea1n th\u00e0nh hi\u1ec7n th\u1ef1c.<\/p>\t\t\t\t\t\t<\/div>\n\t\t\t\t<\/div>\n\t\t\t\t<\/div>\n\t\t\t\t<\/div>\n\t\t<div class=\"has_ae_slider elementor-element elementor-element-b140563 e-con-full e-flex ae-bg-gallery-type-default e-con e-child\" data-id=\"b140563\" data-element_type=\"container\">\n\t\t<div class=\"has_ae_slider elementor-element elementor-element-e90f951 e-con-full e-flex ae-bg-gallery-type-default e-con e-child\" data-id=\"e90f951\" data-element_type=\"container\" data-settings=\"{&quot;background_background&quot;:&quot;classic&quot;}\">\n\t\t\t\t<\/div>\n\t\t<div class=\"has_ae_slider elementor-element elementor-element-20e932f e-con-full e-flex ae-bg-gallery-type-default e-con e-child\" data-id=\"20e932f\" data-element_type=\"container\">\n\t\t\t\t<div class=\"elementor-element elementor-element-13e271b elementor-widget__width-initial elementor-widget elementor-widget-text-editor\" data-id=\"13e271b\" data-element_type=\"widget\" data-widget_type=\"text-editor.default\">\n\t\t\t\t<div class=\"elementor-widget-container\">\n\t\t\t\t\t\t\t<p class=\"font_8 wixui-rich-text__text translation-block\">Kh\u00f4ng ch\u1ec9 mang \u0111\u1ebfn khung c\u1ea3nh tuy\u1ec7t \u0111\u1eb9p, ch\u00fang t\u00f4i c\u00f2n ch\u00fa tr\u1ecdng ki\u1ebfn t\u1ea1o nh\u1eefng tr\u1ea3i nghi\u1ec7m \u1ea9m th\u1ef1c kh\u00f3 qu\u00ean. T\u1eeb c\u00e1c m\u00f3n tapas tinh t\u1ebf, ti\u1ec7c buffet th\u1ecbnh so\u1ea1n, \u0111\u1ebfn th\u1ef1c \u0111\u01a1n \u0111\u01b0\u1ee3c thi\u1ebft k\u1ebf ri\u00eang theo \u00fd t\u01b0\u1edfng c\u1ee7a b\u1ea1n, ch\u00fang t\u00f4i cam k\u1ebft t\u1ea1o n\u00ean d\u1ea5u \u1ea5n \u0111\u1eb7c bi\u1ec7t cho s\u1ef1 ki\u1ec7n c\u1ee7a b\u1ea1n.<\/p>\t\t\t\t\t\t<\/div>\n\t\t\t\t<\/div>\n\t\t\t\t<\/div>\n\t\t\t\t<\/div>\n\t\t<div class=\"has_ae_slider elementor-element elementor-element-59bf437 e-con-full e-flex ae-bg-gallery-type-default e-con e-child\" data-id=\"59bf437\" data-element_type=\"container\">\n\t\t<div class=\"has_ae_slider elementor-element elementor-element-2e5a9ea e-con-full e-flex ae-bg-gallery-type-default e-con e-child\" data-id=\"2e5a9ea\" data-element_type=\"container\" data-settings=\"{&quot;background_background&quot;:&quot;classic&quot;}\">\n\t\t\t\t<\/div>\n\t\t<div class=\"has_ae_slider elementor-element elementor-element-a3cadda e-con-full e-flex ae-bg-gallery-type-default e-con e-child\" data-id=\"a3cadda\" data-element_type=\"container\">\n\t\t\t\t<div class=\"elementor-element elementor-element-f84882e elementor-widget__width-initial elementor-widget elementor-widget-text-editor\" data-id=\"f84882e\" data-element_type=\"widget\" data-widget_type=\"text-editor.default\">\n\t\t\t\t<div class=\"elementor-widget-container\">\n\t\t\t\t\t\t\t<p class=\" translation-block\">Sang tr\u1ecdng trong t\u1eebng chi ti\u1ebft. Qu\u1ea3n l\u00fd s\u1ef1 ki\u1ec7n c\u1ee7a b\u1ea1n m\u1ed9t c\u00e1ch d\u1ec5 d\u00e0ng v\u1edbi c\u00e1c d\u1ecbch v\u1ee5 cao c\u1ea5p c\u1ee7a ch\u00fang t\u00f4i, bao g\u1ed3m \u0111i\u1ec1u ph\u1ed1i gi\u1ea3i tr\u00ed, thi\u1ebft l\u1eadp thi\u1ebft b\u1ecb \u00e2m thanh - h\u00ecnh \u1ea3nh v\u00e0 gi\u1ea3i ph\u00e1p chi\u1ebfu s\u00e1ng.<\/p>\t\t\t\t\t\t<\/div>\n\t\t\t\t<\/div>\n\t\t\t\t<\/div>\n\t\t\t\t<\/div>\n\t\t<div class=\"has_ae_slider elementor-element elementor-element-db66b5a e-con-full e-flex ae-bg-gallery-type-default e-con e-child\" data-id=\"db66b5a\" data-element_type=\"container\">\n\t\t<div class=\"has_ae_slider elementor-element elementor-element-5eea02e e-con-full e-flex ae-bg-gallery-type-default e-con e-child\" data-id=\"5eea02e\" data-element_type=\"container\" data-settings=\"{&quot;background_background&quot;:&quot;classic&quot;}\">\n\t\t\t\t<\/div>\n\t\t<div class=\"has_ae_slider elementor-element elementor-element-3bac837 e-con-full e-flex ae-bg-gallery-type-default e-con e-child\" data-id=\"3bac837\" data-element_type=\"container\">\n\t\t\t\t<div class=\"elementor-element elementor-element-2d13489 elementor-widget__width-initial elementor-widget elementor-widget-text-editor\" data-id=\"2d13489\" data-element_type=\"widget\" data-widget_type=\"text-editor.default\">\n\t\t\t\t<div class=\"elementor-widget-container\">\n\t\t\t\t\t\t\t<p class=\"font_8 wixui-rich-text__text translation-block\">Nh\u1eadn b\u00e1o gi\u00e1 c\u00e1 nh\u00e2n h\u00f3a v\u00e0 b\u1eaft \u0111\u1ea7u l\u00ean k\u1ebf ho\u1ea1ch cho s\u1ef1 ki\u1ec7n \u0111\u1eb7c bi\u1ec7t c\u1ee7a b\u1ea1n t\u1ea1i The Gypsy.<\/p>\t\t\t\t\t\t<\/div>\n\t\t\t\t<\/div>\n\t\t\t\t<\/div>\n\t\t\t\t<\/div>\n\t\t\t\t<div class=\"elementor-element elementor-element-d2b9905 elementor-widget elementor-widget-spacer\" data-id=\"d2b9905\" data-element_type=\"widget\" data-widget_type=\"spacer.default\">\n\t\t\t\t<div class=\"elementor-widget-container\">\n\t\t\t\t\t<div class=\"elementor-spacer\">\n\t\t\t<div class=\"elementor-spacer-inner\"><\/div>\n\t\t<\/div>\n\t\t\t\t<\/div>\n\t\t\t\t<\/div>\n\t\t\t\t<div class=\"elementor-element elementor-element-9136fce elementor-widget__width-initial elementor-widget elementor-widget-text-editor\" data-id=\"9136fce\" data-element_type=\"widget\" data-widget_type=\"text-editor.default\">\n\t\t\t\t<div class=\"elementor-widget-container\">\n\t\t\t\t\t\t\t<p class=\"font_8 wixui-rich-text__text\"><b>Li\u00ean h\u1ec7 v\u1edbi chuy\u00ean gia s\u1ef1 ki\u1ec7n c\u1ee7a ch\u00fang t\u00f4i ngay h\u00f4m nay: <\/b><a href=\"mailto:partner@thegypsydng.com\"><b>partner@thegypsydng.com<\/b><\/a><\/p>\t\t\t\t\t\t<\/div>\n\t\t\t\t<\/div>\n\t\t\t\t<\/div>\n\t\t\t\t<\/div>","protected":false},"excerpt":{"rendered":"<p>Private Events &amp; Services Host Unforgettable Events at The Gypsy Da Nang Imagine celebrating a company milestones, saying &#8220;I do&#8221; under the stars, or\u00a0 with breathtaking city views as your backdrop. The Gypsy Da Nang, Da Nang&#8217;s only rooftop restaurant, elevates any occasion with its unparalleled ambiance and exceptional service. Whether you envision an intimate [&hellip;]<\/p>","protected":false},"author":1,"featured_media":0,"parent":0,"menu_order":0,"comment_status":"open","ping_status":"closed","template":"elementor_header_footer","meta":{"footnotes":""},"class_list":["post-79","page","type-page","status-publish","hentry"],"acf":[],"_links":{"self":[{"href":"https:\/\/thegypsydng.com\/vi\/wp-json\/wp\/v2\/pages\/79","targetHints":{"allow":["GET"]}}],"collection":[{"href":"https:\/\/thegypsydng.com\/vi\/wp-json\/wp\/v2\/pages"}],"about":[{"href":"https:\/\/thegypsydng.com\/vi\/wp-json\/wp\/v2\/types\/page"}],"author":[{"embeddable":true,"href":"https:\/\/thegypsydng.com\/vi\/wp-json\/wp\/v2\/users\/1"}],"replies":[{"embeddable":true,"href":"https:\/\/thegypsydng.com\/vi\/wp-json\/wp\/v2\/comments?post=79"}],"version-history":[{"count":64,"href":"https:\/\/thegypsydng.com\/vi\/wp-json\/wp\/v2\/pages\/79\/revisions"}],"predecessor-version":[{"id":904,"href":"https:\/\/thegypsydng.com\/vi\/wp-json\/wp\/v2\/pages\/79\/revisions\/904"}],"wp:attachment":[{"href":"https:\/\/thegypsydng.com\/vi\/wp-json\/wp\/v2\/media?parent=79"}],"curies":[{"name":"wp","href":"https:\/\/api.w.org\/{rel}","templated":true}]}}